{"id":33,"date":"2026-02-16T11:05:45","date_gmt":"2026-02-16T08:05:45","guid":{"rendered":"https:\/\/sifteri.com.tr\/drecu\/hizmetler\/"},"modified":"2026-02-23T16:18:49","modified_gmt":"2026-02-23T13:18:49","slug":"hizmetler","status":"publish","type":"page","link":"https:\/\/sifteri.com.tr\/drecu\/hizmetler\/","title":{"rendered":"Hizmetler"},"content":{"rendered":"\n\n","protected":false},"excerpt":{"rendered":"","protected":false},"author":1,"featured_media":0,"parent":0,"menu_order":0,"comment_status":"closed","ping_status":"closed","template":"full-width","meta":{"saved_in_kubio":true,"footnotes":""},"class_list":["post-33","page","type-page","status-publish","hentry"],"kubio_ai_page_context":{"short_desc":"","purpose":"general"},"yoast_head":"<!-- This site is optimized with the Yoast SEO Premium plugin v26.2 (Yoast SEO v27.3) - https:\/\/yoast.com\/product\/yoast-seo-premium-wordpress\/ -->\n<title>DR. ECU | G\u00fc\u00e7 Art\u0131\u015f\u0131 ve Yak\u0131t Tasarrufu<\/title>\n<meta name=\"description\" content=\"\u00c7anakkalede Dr. ECU kalitesiyle arac\u0131n\u0131z\u0131n potansiyelini ke\u015ffedin! Chip tuning, yak\u0131t tasarrufu, DPF, EGR ve AdBlue \u00e7\u00f6z\u00fcmleri.\" \/>\n<meta name=\"robots\" content=\"index, follow, max-snippet:-1, max-image-preview:large, max-video-preview:-1\" \/>\n<link rel=\"canonical\" href=\"https:\/\/sifteri.com.tr\/drecu\/hizmetler\/\" \/>\n<meta property=\"og:locale\" content=\"tr_TR\" \/>\n<meta property=\"og:type\" content=\"article\" \/>\n<meta property=\"og:title\" content=\"Hizmetler\" \/>\n<meta property=\"og:description\" content=\"\u00c7anakkalede Dr. ECU kalitesiyle arac\u0131n\u0131z\u0131n potansiyelini ke\u015ffedin! Chip tuning, yak\u0131t tasarrufu, DPF, EGR ve AdBlue \u00e7\u00f6z\u00fcmleri.\" \/>\n<meta property=\"og:url\" content=\"https:\/\/sifteri.com.tr\/drecu\/hizmetler\/\" \/>\n<meta property=\"og:site_name\" content=\"DR. ECU\" \/>\n<meta property=\"article:publisher\" content=\"https:\/\/www.facebook.com\/profile.php?id=61560602957463&amp;ref=PROFILE_EDIT_xav_ig_profile_page_web#\" \/>\n<meta property=\"article:modified_time\" content=\"2026-02-23T13:18:49+00:00\" \/>\n<meta name=\"twitter:card\" content=\"summary_large_image\" \/>\n<script type=\"application\/ld+json\" class=\"yoast-schema-graph\">{\"@context\":\"https:\\\/\\\/schema.org\",\"@graph\":[{\"@type\":\"WebPage\",\"@id\":\"https:\\\/\\\/sifteri.com.tr\\\/drecu\\\/hizmetler\\\/\",\"url\":\"https:\\\/\\\/sifteri.com.tr\\\/drecu\\\/hizmetler\\\/\",\"name\":\"DR. ECU | G\u00fc\u00e7 Art\u0131\u015f\u0131 ve Yak\u0131t Tasarrufu\",\"isPartOf\":{\"@id\":\"https:\\\/\\\/sifteri.com.tr\\\/drecu\\\/#website\"},\"datePublished\":\"2026-02-16T08:05:45+00:00\",\"dateModified\":\"2026-02-23T13:18:49+00:00\",\"description\":\"\u00c7anakkalede Dr. ECU kalitesiyle arac\u0131n\u0131z\u0131n potansiyelini ke\u015ffedin! Chip tuning, yak\u0131t tasarrufu, DPF, EGR ve AdBlue \u00e7\u00f6z\u00fcmleri.\",\"breadcrumb\":{\"@id\":\"https:\\\/\\\/sifteri.com.tr\\\/drecu\\\/hizmetler\\\/#breadcrumb\"},\"inLanguage\":\"tr\",\"potentialAction\":[{\"@type\":\"ReadAction\",\"target\":[\"https:\\\/\\\/sifteri.com.tr\\\/drecu\\\/hizmetler\\\/\"]}]},{\"@type\":\"BreadcrumbList\",\"@id\":\"https:\\\/\\\/sifteri.com.tr\\\/drecu\\\/hizmetler\\\/#breadcrumb\",\"itemListElement\":[{\"@type\":\"ListItem\",\"position\":1,\"name\":\"Anasayfa\",\"item\":\"https:\\\/\\\/sifteri.com.tr\\\/drecu\\\/\"},{\"@type\":\"ListItem\",\"position\":2,\"name\":\"Hizmetler\"}]},{\"@type\":\"WebSite\",\"@id\":\"https:\\\/\\\/sifteri.com.tr\\\/drecu\\\/#website\",\"url\":\"https:\\\/\\\/sifteri.com.tr\\\/drecu\\\/\",\"name\":\"DR. ECU\",\"description\":\"T\u00fcrkiyenin en b\u00fcy\u00fck Ecu Yaz\u0131l\u0131m Markas\u0131 \u00c7anakkale&#039;de\",\"publisher\":{\"@id\":\"https:\\\/\\\/sifteri.com.tr\\\/drecu\\\/#organization\"},\"alternateName\":\"DR. ECU \u00c7anakkale\",\"potentialAction\":[{\"@type\":\"SearchAction\",\"target\":{\"@type\":\"EntryPoint\",\"urlTemplate\":\"https:\\\/\\\/sifteri.com.tr\\\/drecu\\\/?s={search_term_string}\"},\"query-input\":{\"@type\":\"PropertyValueSpecification\",\"valueRequired\":true,\"valueName\":\"search_term_string\"}}],\"inLanguage\":\"tr\"},{\"@type\":\"Organization\",\"@id\":\"https:\\\/\\\/sifteri.com.tr\\\/drecu\\\/#organization\",\"name\":\"DR. ECU\",\"url\":\"https:\\\/\\\/sifteri.com.tr\\\/drecu\\\/\",\"logo\":{\"@type\":\"ImageObject\",\"inLanguage\":\"tr\",\"@id\":\"https:\\\/\\\/sifteri.com.tr\\\/drecu\\\/#\\\/schema\\\/logo\\\/image\\\/\",\"url\":\"https:\\\/\\\/sifteri.com.tr\\\/drecu\\\/wp-content\\\/uploads\\\/2026\\\/02\\\/dr-ecu-logo.png\",\"contentUrl\":\"https:\\\/\\\/sifteri.com.tr\\\/drecu\\\/wp-content\\\/uploads\\\/2026\\\/02\\\/dr-ecu-logo.png\",\"width\":1603,\"height\":222,\"caption\":\"DR. ECU\"},\"image\":{\"@id\":\"https:\\\/\\\/sifteri.com.tr\\\/drecu\\\/#\\\/schema\\\/logo\\\/image\\\/\"},\"sameAs\":[\"https:\\\/\\\/www.facebook.com\\\/profile.php?id=61560602957463&ref=PROFILE_EDIT_xav_ig_profile_page_web#\",\"https:\\\/\\\/www.instagram.com\\\/dr.ecucanakkale\\\/\"]}]}<\/script>\n<!-- \/ Yoast SEO Premium plugin. -->","yoast_head_json":{"title":"DR. ECU | G\u00fc\u00e7 Art\u0131\u015f\u0131 ve Yak\u0131t Tasarrufu","description":"\u00c7anakkalede Dr. ECU kalitesiyle arac\u0131n\u0131z\u0131n potansiyelini ke\u015ffedin! Chip tuning, yak\u0131t tasarrufu, DPF, EGR ve AdBlue \u00e7\u00f6z\u00fcmleri.","robots":{"index":"index","follow":"follow","max-snippet":"max-snippet:-1","max-image-preview":"max-image-preview:large","max-video-preview":"max-video-preview:-1"},"canonical":"https:\/\/sifteri.com.tr\/drecu\/hizmetler\/","og_locale":"tr_TR","og_type":"article","og_title":"Hizmetler","og_description":"\u00c7anakkalede Dr. ECU kalitesiyle arac\u0131n\u0131z\u0131n potansiyelini ke\u015ffedin! Chip tuning, yak\u0131t tasarrufu, DPF, EGR ve AdBlue \u00e7\u00f6z\u00fcmleri.","og_url":"https:\/\/sifteri.com.tr\/drecu\/hizmetler\/","og_site_name":"DR. ECU","article_publisher":"https:\/\/www.facebook.com\/profile.php?id=61560602957463&ref=PROFILE_EDIT_xav_ig_profile_page_web#","article_modified_time":"2026-02-23T13:18:49+00:00","twitter_card":"summary_large_image","schema":{"@context":"https:\/\/schema.org","@graph":[{"@type":"WebPage","@id":"https:\/\/sifteri.com.tr\/drecu\/hizmetler\/","url":"https:\/\/sifteri.com.tr\/drecu\/hizmetler\/","name":"DR. ECU | G\u00fc\u00e7 Art\u0131\u015f\u0131 ve Yak\u0131t Tasarrufu","isPartOf":{"@id":"https:\/\/sifteri.com.tr\/drecu\/#website"},"datePublished":"2026-02-16T08:05:45+00:00","dateModified":"2026-02-23T13:18:49+00:00","description":"\u00c7anakkalede Dr. ECU kalitesiyle arac\u0131n\u0131z\u0131n potansiyelini ke\u015ffedin! Chip tuning, yak\u0131t tasarrufu, DPF, EGR ve AdBlue \u00e7\u00f6z\u00fcmleri.","breadcrumb":{"@id":"https:\/\/sifteri.com.tr\/drecu\/hizmetler\/#breadcrumb"},"inLanguage":"tr","potentialAction":[{"@type":"ReadAction","target":["https:\/\/sifteri.com.tr\/drecu\/hizmetler\/"]}]},{"@type":"BreadcrumbList","@id":"https:\/\/sifteri.com.tr\/drecu\/hizmetler\/#breadcrumb","itemListElement":[{"@type":"ListItem","position":1,"name":"Anasayfa","item":"https:\/\/sifteri.com.tr\/drecu\/"},{"@type":"ListItem","position":2,"name":"Hizmetler"}]},{"@type":"WebSite","@id":"https:\/\/sifteri.com.tr\/drecu\/#website","url":"https:\/\/sifteri.com.tr\/drecu\/","name":"DR. ECU","description":"T\u00fcrkiyenin en b\u00fcy\u00fck Ecu Yaz\u0131l\u0131m Markas\u0131 \u00c7anakkale&#039;de","publisher":{"@id":"https:\/\/sifteri.com.tr\/drecu\/#organization"},"alternateName":"DR. ECU \u00c7anakkale","potentialAction":[{"@type":"SearchAction","target":{"@type":"EntryPoint","urlTemplate":"https:\/\/sifteri.com.tr\/drecu\/?s={search_term_string}"},"query-input":{"@type":"PropertyValueSpecification","valueRequired":true,"valueName":"search_term_string"}}],"inLanguage":"tr"},{"@type":"Organization","@id":"https:\/\/sifteri.com.tr\/drecu\/#organization","name":"DR. ECU","url":"https:\/\/sifteri.com.tr\/drecu\/","logo":{"@type":"ImageObject","inLanguage":"tr","@id":"https:\/\/sifteri.com.tr\/drecu\/#\/schema\/logo\/image\/","url":"https:\/\/sifteri.com.tr\/drecu\/wp-content\/uploads\/2026\/02\/dr-ecu-logo.png","contentUrl":"https:\/\/sifteri.com.tr\/drecu\/wp-content\/uploads\/2026\/02\/dr-ecu-logo.png","width":1603,"height":222,"caption":"DR. ECU"},"image":{"@id":"https:\/\/sifteri.com.tr\/drecu\/#\/schema\/logo\/image\/"},"sameAs":["https:\/\/www.facebook.com\/profile.php?id=61560602957463&ref=PROFILE_EDIT_xav_ig_profile_page_web#","https:\/\/www.instagram.com\/dr.ecucanakkale\/"]}]}},"_links":{"self":[{"href":"https:\/\/sifteri.com.tr\/drecu\/wp-json\/wp\/v2\/pages\/33","targetHints":{"allow":["GET"]}}],"collection":[{"href":"https:\/\/sifteri.com.tr\/drecu\/wp-json\/wp\/v2\/pages"}],"about":[{"href":"https:\/\/sifteri.com.tr\/drecu\/wp-json\/wp\/v2\/types\/page"}],"author":[{"embeddable":true,"href":"https:\/\/sifteri.com.tr\/drecu\/wp-json\/wp\/v2\/users\/1"}],"replies":[{"embeddable":true,"href":"https:\/\/sifteri.com.tr\/drecu\/wp-json\/wp\/v2\/comments?post=33"}],"version-history":[{"count":4,"href":"https:\/\/sifteri.com.tr\/drecu\/wp-json\/wp\/v2\/pages\/33\/revisions"}],"predecessor-version":[{"id":658,"href":"https:\/\/sifteri.com.tr\/drecu\/wp-json\/wp\/v2\/pages\/33\/revisions\/658"}],"wp:attachment":[{"href":"https:\/\/sifteri.com.tr\/drecu\/wp-json\/wp\/v2\/media?parent=33"}],"curies":[{"name":"wp","href":"https:\/\/api.w.org\/{rel}","templated":true}]}}