{"id":794,"date":"2026-02-24T15:43:40","date_gmt":"2026-02-24T12:43:40","guid":{"rendered":"https:\/\/sifteri.com.tr\/drecu\/?page_id=794"},"modified":"2026-03-06T09:08:07","modified_gmt":"2026-03-06T06:08:07","slug":"fendt-traktor-yazilimi","status":"publish","type":"page","link":"https:\/\/sifteri.com.tr\/drecu\/fendt-traktor-yazilimi\/","title":{"rendered":"Fendt Trakt\u00f6r Yaz\u0131l\u0131m\u0131 ve ECU Optimizasyonu"},"content":{"rendered":"\n<p>Fendt trakt\u00f6rler ileri teknoloji motor yap\u0131s\u0131, Vario \u015fanz\u0131man sistemi ve y\u00fcksek verimlili\u011fi ile profesyonel \u00fcreticiler taraf\u0131ndan tercih edilir. Ancak bir\u00e7ok model fabrika \u00e7\u0131k\u0131\u015f\u0131nda emisyon standartlar\u0131 ve farkl\u0131 pazar ko\u015fullar\u0131 nedeniyle ger\u00e7ek performans\u0131n\u0131 tam olarak sunmaz. DR ECU olarak Fendt trakt\u00f6rlerde g\u00fcvenli s\u0131n\u0131rlar i\u00e7inde ECU optimizasyonu yaparak d\u00fc\u015f\u00fck devir torkunu art\u0131r\u0131yor, yak\u0131t t\u00fcketimini d\u00fc\u015f\u00fcr\u00fcyor ve uzun s\u00fcreli a\u011f\u0131r y\u00fck \u00e7al\u0131\u015fmalar\u0131nda stabil performans sa\u011fl\u0131yoruz.<\/p>\n\n\n\n<p>\u00c7anakkale b\u00f6lgesinde sebze \u00fcretiminde kullan\u0131lan trakt\u00f6rler uzun s\u00fcre d\u00fc\u015f\u00fck devirde y\u00fcksek y\u00fck alt\u0131nda \u00e7al\u0131\u015f\u0131r. Sulama sistemleri, PTO ekipmanlar\u0131 ve r\u00f6mork \u00e7eki\u015fi gibi zor \u015fartlarda do\u011fru yaz\u0131l\u0131m hem yak\u0131t tasarrufu sa\u011flar hem de motor \u00f6mr\u00fcn\u00fc korur.<\/p>\n\n\n\n<hr class=\"wp-block-separator has-alpha-channel-opacity\"\/>\n\n\n\n<p><strong>Fendt ECU Yaz\u0131l\u0131m\u0131n\u0131n Avantajlar\u0131<\/strong><\/p>\n\n\n\n<ul class=\"wp-block-list\">\n<li>D\u00fc\u015f\u00fck devirlerde g\u00fc\u00e7l\u00fc \u00e7eki\u015f<\/li>\n\n\n\n<li>Yak\u0131t t\u00fcketiminde d\u00fc\u015f\u00fc\u015f<\/li>\n\n\n\n<li>Vario \u015fanz\u0131man ile daha stabil \u00e7al\u0131\u015fma<\/li>\n\n\n\n<li>Daha az vites ve y\u00fck de\u011fi\u015fimi<\/li>\n\n\n\n<li>PTO ve ekipman kullan\u0131m\u0131nda verim<\/li>\n\n\n\n<li>Motor ve turbo \u00f6mr\u00fcn\u00fcn korunmas\u0131<\/li>\n\n\n\n<li>Uzun s\u00fcreli \u00e7al\u0131\u015fma g\u00fcvenli\u011fi<\/li>\n<\/ul>\n\n\n\n<hr class=\"wp-block-separator has-alpha-channel-opacity\"\/>\n\n\n\n<p><strong>Fendt Modelleri ve Motor G\u00fc\u00e7leri<\/strong><\/p>\n\n\n\n<p>A\u015fa\u011f\u0131daki Fendt modelleri i\u00e7in profesyonel ECU optimizasyonu hizmeti sunulmaktad\u0131r:<\/p>\n\n\n\n<p><strong>200 Vario Serisi<\/strong><\/p>\n\n\n\n<p>Fendt 200 Vario \u2013 60 PS \/ 71 PS \/ 75 PS \/ 85 PS \/ 95 PS \/ 104 PS \/ 116 PS<\/p>\n\n\n\n<p><strong>208 Vario<\/strong><\/p>\n\n\n\n<p>Fendt 208 Vario \u2013 87 PS<\/p>\n\n\n\n<p><strong>300 Vario Serisi<\/strong><\/p>\n\n\n\n<p>Fendt 300 Vario \u2013 95 PS \/ 104 PS \/ 116 PS \/ 125 PS \/ 135 PS<\/p>\n\n\n\n<p><strong>312 Vario<\/strong><\/p>\n\n\n\n<p>Fendt 312 Vario \u2013 110 PS<\/p>\n\n\n\n<p><strong>400 Vario Serisi<\/strong><\/p>\n\n\n\n<p>Fendt 400 Vario \u2013 116 PS \/ 125 PS \/ 135 PS \/ 145 PS \/ 155 PS<\/p>\n\n\n\n<p><strong>500 Vario Serisi<\/strong><\/p>\n\n\n\n<p>Fendt 500 Vario \u2013 125 PS \/ 135 PS \/ 145 PS \/ 164 PS<\/p>\n\n\n\n<p><strong>700 Vario Serisi<\/strong><\/p>\n\n\n\n<p>Fendt 700 Vario \u2013 130 PS \/ 131 PS \/ 145 PS \/ 164 PS \/ 180 PS \/ 200 PS \/ 220 PS \/ 239 PS<\/p>\n\n\n\n<p><strong>800 Vario Serisi<\/strong><\/p>\n\n\n\n<p>Fendt 800 Vario \u2013 185 PS \/ 200 PS \/ 220 PS \/ 239 PS \/ 260 PS \/ 280 PS<\/p>\n\n\n\n<p><strong>900 Vario Serisi<\/strong><\/p>\n\n\n\n<p>Fendt 900 Vario \u2013 220 PS \/ 239 PS \/ 270 PS \/ 271 PS \/ 299 PS \/ 300 PS \/ 330 PS \/ 331 PS \/ 360 PS \/ 390 PS<\/p>\n\n\n\n<p><strong>Harvester 6000 Serisi<\/strong><\/p>\n\n\n\n<p>Fendt Harvester 6000 \u2013 275 PS<\/p>\n\n\n\n<hr class=\"wp-block-separator has-alpha-channel-opacity\"\/>\n\n\n\n<p><strong>G\u00fcvenli ve Kontroll\u00fc Yaz\u0131l\u0131m S\u00fcreci<\/strong><\/p>\n\n\n\n<p>T\u00fcm Fendt trakt\u00f6rlerde i\u015flem \u00f6ncesi detayl\u0131 analiz yap\u0131l\u0131r. Motor sa\u011fl\u0131\u011f\u0131, yak\u0131t sistemi ve turbo kontrol edilir. G\u00fcvenli limitler korunarak yaz\u0131l\u0131m uygulan\u0131r. \u0130stenildi\u011finde trakt\u00f6r tamamen orijinal yaz\u0131l\u0131m\u0131na geri d\u00f6nd\u00fcr\u00fclebilir. Emisyon sistemleri ve \u00e7al\u0131\u015fma ko\u015fullar\u0131 dikkate al\u0131narak profesyonel ECU optimizasyonu sa\u011flan\u0131r.<\/p>\n\n\n\n<hr class=\"wp-block-separator has-alpha-channel-opacity\"\/>\n\n\n\n<p><strong>\u00dccretsiz Analiz ve Yerinde Hizmet<\/strong><\/p>\n\n\n\n<p>\u00c7anakkale merkez ve t\u00fcm il\u00e7elerde Fendt trakt\u00f6r\u00fcn\u00fcz\u00fcn performans ve yak\u0131t t\u00fcketimi \u00fccretsiz analiz edilir. Sahada yap\u0131lan \u00f6l\u00e7\u00fcmlerle en do\u011fru \u00e7\u00f6z\u00fcm belirlenir.<\/p>\n\n\n","protected":false},"excerpt":{"rendered":"<p>Fendt trakt\u00f6rler ileri teknoloji motor yap\u0131s\u0131, Vario \u015fanz\u0131man sistemi ve y\u00fcksek verimlili\u011fi ile profesyonel \u00fcreticiler taraf\u0131ndan tercih edilir. Ancak bir\u00e7ok model fabrika \u00e7\u0131k\u0131\u015f\u0131nda emisyon standartlar\u0131 ve farkl\u0131 pazar ko\u015fullar\u0131 nedeniyle ger\u00e7ek performans\u0131n\u0131 tam olarak sunmaz. DR ECU olarak Fendt trakt\u00f6rlerde g\u00fcvenli s\u0131n\u0131rlar i\u00e7inde ECU optimizasyonu yaparak d\u00fc\u015f\u00fck devir torkunu art\u0131r\u0131yor, yak\u0131t t\u00fcketimini d\u00fc\u015f\u00fcr\u00fcyor ve uzun [&hellip;]<\/p>\n","protected":false},"author":1,"featured_media":0,"parent":0,"menu_order":0,"comment_status":"closed","ping_status":"closed","template":"single-product","meta":{"saved_in_kubio":false,"footnotes":""},"class_list":["post-794","page","type-page","status-publish","hentry"],"kubio_ai_page_context":{"short_desc":"","purpose":"general"},"yoast_head":"<!-- This site is optimized with the Yoast SEO Premium plugin v26.2 (Yoast SEO v27.3) - https:\/\/yoast.com\/product\/yoast-seo-premium-wordpress\/ -->\n<title>Fendt Trakt\u00f6r Yaz\u0131l\u0131m\u0131 | ECU Performans Optimizasyonu \u00c7anakkale<\/title>\n<meta name=\"description\" content=\"\u00c7anakkale\u2019de Fendt trakt\u00f6r yaz\u0131l\u0131m\u0131 ve ECU optimizasyonu. Yak\u0131t tasarrufu, g\u00fc\u00e7l\u00fc \u00e7eki\u015f ve stabil performans i\u00e7in yerinde hizmet.\" \/>\n<meta name=\"robots\" content=\"index, follow, max-snippet:-1, max-image-preview:large, max-video-preview:-1\" \/>\n<link rel=\"canonical\" href=\"https:\/\/sifteri.com.tr\/drecu\/fendt-traktor-yazilimi\/\" \/>\n<meta property=\"og:locale\" content=\"tr_TR\" \/>\n<meta property=\"og:type\" content=\"article\" \/>\n<meta property=\"og:title\" content=\"Fendt Trakt\u00f6r Yaz\u0131l\u0131m\u0131 ve ECU Optimizasyonu\" \/>\n<meta property=\"og:description\" content=\"\u00c7anakkale\u2019de Fendt trakt\u00f6r yaz\u0131l\u0131m\u0131 ve ECU optimizasyonu. Yak\u0131t tasarrufu, g\u00fc\u00e7l\u00fc \u00e7eki\u015f ve stabil performans i\u00e7in yerinde hizmet.\" \/>\n<meta property=\"og:url\" content=\"https:\/\/sifteri.com.tr\/drecu\/fendt-traktor-yazilimi\/\" \/>\n<meta property=\"og:site_name\" content=\"DR. ECU\" \/>\n<meta property=\"article:publisher\" content=\"https:\/\/www.facebook.com\/profile.php?id=61560602957463&amp;ref=PROFILE_EDIT_xav_ig_profile_page_web#\" \/>\n<meta property=\"article:modified_time\" content=\"2026-03-06T06:08:07+00:00\" \/>\n<meta name=\"twitter:card\" content=\"summary_large_image\" \/>\n<meta name=\"twitter:label1\" content=\"Tahmini okuma s\u00fcresi\" \/>\n\t<meta name=\"twitter:data1\" content=\"3 dakika\" \/>\n<script type=\"application\/ld+json\" class=\"yoast-schema-graph\">{\"@context\":\"https:\\\/\\\/schema.org\",\"@graph\":[{\"@type\":\"WebPage\",\"@id\":\"https:\\\/\\\/sifteri.com.tr\\\/drecu\\\/fendt-traktor-yazilimi\\\/\",\"url\":\"https:\\\/\\\/sifteri.com.tr\\\/drecu\\\/fendt-traktor-yazilimi\\\/\",\"name\":\"Fendt Trakt\u00f6r Yaz\u0131l\u0131m\u0131 | ECU Performans Optimizasyonu \u00c7anakkale\",\"isPartOf\":{\"@id\":\"https:\\\/\\\/sifteri.com.tr\\\/drecu\\\/#website\"},\"datePublished\":\"2026-02-24T12:43:40+00:00\",\"dateModified\":\"2026-03-06T06:08:07+00:00\",\"description\":\"\u00c7anakkale\u2019de Fendt trakt\u00f6r yaz\u0131l\u0131m\u0131 ve ECU optimizasyonu. Yak\u0131t tasarrufu, g\u00fc\u00e7l\u00fc \u00e7eki\u015f ve stabil performans i\u00e7in yerinde hizmet.\",\"breadcrumb\":{\"@id\":\"https:\\\/\\\/sifteri.com.tr\\\/drecu\\\/fendt-traktor-yazilimi\\\/#breadcrumb\"},\"inLanguage\":\"tr\",\"potentialAction\":[{\"@type\":\"ReadAction\",\"target\":[\"https:\\\/\\\/sifteri.com.tr\\\/drecu\\\/fendt-traktor-yazilimi\\\/\"]}]},{\"@type\":\"BreadcrumbList\",\"@id\":\"https:\\\/\\\/sifteri.com.tr\\\/drecu\\\/fendt-traktor-yazilimi\\\/#breadcrumb\",\"itemListElement\":[{\"@type\":\"ListItem\",\"position\":1,\"name\":\"Anasayfa\",\"item\":\"https:\\\/\\\/sifteri.com.tr\\\/drecu\\\/\"},{\"@type\":\"ListItem\",\"position\":2,\"name\":\"Fendt Trakt\u00f6r Yaz\u0131l\u0131m\u0131 ve ECU Optimizasyonu\"}]},{\"@type\":\"WebSite\",\"@id\":\"https:\\\/\\\/sifteri.com.tr\\\/drecu\\\/#website\",\"url\":\"https:\\\/\\\/sifteri.com.tr\\\/drecu\\\/\",\"name\":\"DR. ECU\",\"description\":\"T\u00fcrkiyenin en b\u00fcy\u00fck Ecu Yaz\u0131l\u0131m Markas\u0131 \u00c7anakkale&#039;de\",\"publisher\":{\"@id\":\"https:\\\/\\\/sifteri.com.tr\\\/drecu\\\/#organization\"},\"alternateName\":\"DR. ECU \u00c7anakkale\",\"potentialAction\":[{\"@type\":\"SearchAction\",\"target\":{\"@type\":\"EntryPoint\",\"urlTemplate\":\"https:\\\/\\\/sifteri.com.tr\\\/drecu\\\/?s={search_term_string}\"},\"query-input\":{\"@type\":\"PropertyValueSpecification\",\"valueRequired\":true,\"valueName\":\"search_term_string\"}}],\"inLanguage\":\"tr\"},{\"@type\":\"Organization\",\"@id\":\"https:\\\/\\\/sifteri.com.tr\\\/drecu\\\/#organization\",\"name\":\"DR. ECU\",\"url\":\"https:\\\/\\\/sifteri.com.tr\\\/drecu\\\/\",\"logo\":{\"@type\":\"ImageObject\",\"inLanguage\":\"tr\",\"@id\":\"https:\\\/\\\/sifteri.com.tr\\\/drecu\\\/#\\\/schema\\\/logo\\\/image\\\/\",\"url\":\"https:\\\/\\\/sifteri.com.tr\\\/drecu\\\/wp-content\\\/uploads\\\/2026\\\/02\\\/dr-ecu-logo.png\",\"contentUrl\":\"https:\\\/\\\/sifteri.com.tr\\\/drecu\\\/wp-content\\\/uploads\\\/2026\\\/02\\\/dr-ecu-logo.png\",\"width\":1603,\"height\":222,\"caption\":\"DR. ECU\"},\"image\":{\"@id\":\"https:\\\/\\\/sifteri.com.tr\\\/drecu\\\/#\\\/schema\\\/logo\\\/image\\\/\"},\"sameAs\":[\"https:\\\/\\\/www.facebook.com\\\/profile.php?id=61560602957463&ref=PROFILE_EDIT_xav_ig_profile_page_web#\",\"https:\\\/\\\/www.instagram.com\\\/dr.ecucanakkale\\\/\"]}]}<\/script>\n<!-- \/ Yoast SEO Premium plugin. -->","yoast_head_json":{"title":"Fendt Trakt\u00f6r Yaz\u0131l\u0131m\u0131 | ECU Performans Optimizasyonu \u00c7anakkale","description":"\u00c7anakkale\u2019de Fendt trakt\u00f6r yaz\u0131l\u0131m\u0131 ve ECU optimizasyonu. Yak\u0131t tasarrufu, g\u00fc\u00e7l\u00fc \u00e7eki\u015f ve stabil performans i\u00e7in yerinde hizmet.","robots":{"index":"index","follow":"follow","max-snippet":"max-snippet:-1","max-image-preview":"max-image-preview:large","max-video-preview":"max-video-preview:-1"},"canonical":"https:\/\/sifteri.com.tr\/drecu\/fendt-traktor-yazilimi\/","og_locale":"tr_TR","og_type":"article","og_title":"Fendt Trakt\u00f6r Yaz\u0131l\u0131m\u0131 ve ECU Optimizasyonu","og_description":"\u00c7anakkale\u2019de Fendt trakt\u00f6r yaz\u0131l\u0131m\u0131 ve ECU optimizasyonu. Yak\u0131t tasarrufu, g\u00fc\u00e7l\u00fc \u00e7eki\u015f ve stabil performans i\u00e7in yerinde hizmet.","og_url":"https:\/\/sifteri.com.tr\/drecu\/fendt-traktor-yazilimi\/","og_site_name":"DR. ECU","article_publisher":"https:\/\/www.facebook.com\/profile.php?id=61560602957463&ref=PROFILE_EDIT_xav_ig_profile_page_web#","article_modified_time":"2026-03-06T06:08:07+00:00","twitter_card":"summary_large_image","twitter_misc":{"Tahmini okuma s\u00fcresi":"3 dakika"},"schema":{"@context":"https:\/\/schema.org","@graph":[{"@type":"WebPage","@id":"https:\/\/sifteri.com.tr\/drecu\/fendt-traktor-yazilimi\/","url":"https:\/\/sifteri.com.tr\/drecu\/fendt-traktor-yazilimi\/","name":"Fendt Trakt\u00f6r Yaz\u0131l\u0131m\u0131 | ECU Performans Optimizasyonu \u00c7anakkale","isPartOf":{"@id":"https:\/\/sifteri.com.tr\/drecu\/#website"},"datePublished":"2026-02-24T12:43:40+00:00","dateModified":"2026-03-06T06:08:07+00:00","description":"\u00c7anakkale\u2019de Fendt trakt\u00f6r yaz\u0131l\u0131m\u0131 ve ECU optimizasyonu. Yak\u0131t tasarrufu, g\u00fc\u00e7l\u00fc \u00e7eki\u015f ve stabil performans i\u00e7in yerinde hizmet.","breadcrumb":{"@id":"https:\/\/sifteri.com.tr\/drecu\/fendt-traktor-yazilimi\/#breadcrumb"},"inLanguage":"tr","potentialAction":[{"@type":"ReadAction","target":["https:\/\/sifteri.com.tr\/drecu\/fendt-traktor-yazilimi\/"]}]},{"@type":"BreadcrumbList","@id":"https:\/\/sifteri.com.tr\/drecu\/fendt-traktor-yazilimi\/#breadcrumb","itemListElement":[{"@type":"ListItem","position":1,"name":"Anasayfa","item":"https:\/\/sifteri.com.tr\/drecu\/"},{"@type":"ListItem","position":2,"name":"Fendt Trakt\u00f6r Yaz\u0131l\u0131m\u0131 ve ECU Optimizasyonu"}]},{"@type":"WebSite","@id":"https:\/\/sifteri.com.tr\/drecu\/#website","url":"https:\/\/sifteri.com.tr\/drecu\/","name":"DR. ECU","description":"T\u00fcrkiyenin en b\u00fcy\u00fck Ecu Yaz\u0131l\u0131m Markas\u0131 \u00c7anakkale&#039;de","publisher":{"@id":"https:\/\/sifteri.com.tr\/drecu\/#organization"},"alternateName":"DR. ECU \u00c7anakkale","potentialAction":[{"@type":"SearchAction","target":{"@type":"EntryPoint","urlTemplate":"https:\/\/sifteri.com.tr\/drecu\/?s={search_term_string}"},"query-input":{"@type":"PropertyValueSpecification","valueRequired":true,"valueName":"search_term_string"}}],"inLanguage":"tr"},{"@type":"Organization","@id":"https:\/\/sifteri.com.tr\/drecu\/#organization","name":"DR. ECU","url":"https:\/\/sifteri.com.tr\/drecu\/","logo":{"@type":"ImageObject","inLanguage":"tr","@id":"https:\/\/sifteri.com.tr\/drecu\/#\/schema\/logo\/image\/","url":"https:\/\/sifteri.com.tr\/drecu\/wp-content\/uploads\/2026\/02\/dr-ecu-logo.png","contentUrl":"https:\/\/sifteri.com.tr\/drecu\/wp-content\/uploads\/2026\/02\/dr-ecu-logo.png","width":1603,"height":222,"caption":"DR. ECU"},"image":{"@id":"https:\/\/sifteri.com.tr\/drecu\/#\/schema\/logo\/image\/"},"sameAs":["https:\/\/www.facebook.com\/profile.php?id=61560602957463&ref=PROFILE_EDIT_xav_ig_profile_page_web#","https:\/\/www.instagram.com\/dr.ecucanakkale\/"]}]}},"_links":{"self":[{"href":"https:\/\/sifteri.com.tr\/drecu\/wp-json\/wp\/v2\/pages\/794","targetHints":{"allow":["GET"]}}],"collection":[{"href":"https:\/\/sifteri.com.tr\/drecu\/wp-json\/wp\/v2\/pages"}],"about":[{"href":"https:\/\/sifteri.com.tr\/drecu\/wp-json\/wp\/v2\/types\/page"}],"author":[{"embeddable":true,"href":"https:\/\/sifteri.com.tr\/drecu\/wp-json\/wp\/v2\/users\/1"}],"replies":[{"embeddable":true,"href":"https:\/\/sifteri.com.tr\/drecu\/wp-json\/wp\/v2\/comments?post=794"}],"version-history":[{"count":1,"href":"https:\/\/sifteri.com.tr\/drecu\/wp-json\/wp\/v2\/pages\/794\/revisions"}],"predecessor-version":[{"id":795,"href":"https:\/\/sifteri.com.tr\/drecu\/wp-json\/wp\/v2\/pages\/794\/revisions\/795"}],"wp:attachment":[{"href":"https:\/\/sifteri.com.tr\/drecu\/wp-json\/wp\/v2\/media?parent=794"}],"curies":[{"name":"wp","href":"https:\/\/api.w.org\/{rel}","templated":true}]}}