{"id":810,"date":"2026-02-24T16:42:36","date_gmt":"2026-02-24T13:42:36","guid":{"rendered":"https:\/\/sifteri.com.tr\/drecu\/?page_id=810"},"modified":"2026-03-06T09:07:03","modified_gmt":"2026-03-06T06:07:03","slug":"steyr-traktor-yazilimi","status":"publish","type":"page","link":"https:\/\/sifteri.com.tr\/drecu\/steyr-traktor-yazilimi\/","title":{"rendered":"Steyr Trakt\u00f6r Yaz\u0131l\u0131m\u0131 ve Performans Optimizasyonu"},"content":{"rendered":"\n<p><strong>Steyr trakt\u00f6rler y\u00fcksek motor teknolojisi, geli\u015fmi\u015f CVT \u015fanz\u0131man yap\u0131s\u0131 ve g\u00fc\u00e7l\u00fc \u00e7eki\u015f karakteri ile profesyonel \u00fcreticiler taraf\u0131ndan tercih edilir. \u00c7anakkale ve \u00e7evresinde geni\u015f, d\u00fcz ve kumlu tar\u0131m arazilerinde yap\u0131lan sebze \u00fcretiminde Steyr modelleri uzun s\u00fcreli ve a\u011f\u0131r y\u00fck alt\u0131nda \u00e7al\u0131\u015fmaktad\u0131r. Bu nedenle d\u00fc\u015f\u00fck yak\u0131t t\u00fcketimi ile y\u00fcksek tork sa\u011flayan optimizasyon \u00e7\u00f6z\u00fcmleri b\u00fcy\u00fck avantaj olu\u015fturur.<\/strong><\/p>\n\n\n\n<p><strong>Modern Steyr motorlar\u0131nda emisyon standartlar\u0131 ve model \u00e7e\u015fitlendirme politikalar\u0131 nedeniyle motor g\u00fcc\u00fc yaz\u0131l\u0131msal olarak s\u0131n\u0131rland\u0131r\u0131lm\u0131\u015ft\u0131r. Ayn\u0131 motor farkl\u0131 g\u00fc\u00e7 seviyelerinde sunulur. DR ECU olarak profesyonel ECU optimizasyonu ile trakt\u00f6r\u00fcn g\u00fcvenli s\u0131n\u0131rlar i\u00e7inde ger\u00e7ek performans\u0131na ula\u015fmas\u0131n\u0131 sa\u011fl\u0131yoruz. B\u00f6ylece hem verimlilik hem de \u00e7al\u0131\u015fma konforu artar.<\/strong><\/p>\n\n\n\n<p><strong>Steyr ECU Yaz\u0131l\u0131m\u0131n\u0131n Avantajlar\u0131<\/strong><\/p>\n\n\n\n<ul class=\"wp-block-list\">\n<li><strong>Daha g\u00fc\u00e7l\u00fc \u00e7eki\u015f ve y\u00fcksek tork<\/strong><\/li>\n\n\n\n<li><strong>Yak\u0131t t\u00fcketiminde azalma<\/strong><\/li>\n\n\n\n<li><strong>CVT \u015fanz\u0131man ile uyumlu g\u00fc\u00e7 y\u00f6netimi<\/strong><\/li>\n\n\n\n<li><strong>A\u011f\u0131r y\u00fckte stabil motor performans\u0131<\/strong><\/li>\n\n\n\n<li><strong>Uzun s\u00fcreli saha \u00e7al\u0131\u015fmalar\u0131nda g\u00fcvenilirlik<\/strong><\/li>\n\n\n\n<li><strong>PTO ve hidrolik ekipmanlarda verim<\/strong><\/li>\n\n\n\n<li><strong>Turbo ve motor y\u00fck\u00fcn\u00fcn dengelenmesi<\/strong><\/li>\n\n\n\n<li><strong>Daha az vites ve devir de\u011fi\u015fimi<\/strong><\/li>\n<\/ul>\n\n\n\n<p><strong>Sebze ve a\u00e7\u0131k tarla \u00fcretiminde kullan\u0131lan Steyr trakt\u00f6rlerde yaz\u0131l\u0131m optimizasyonu sayesinde \u00f6zellikle ekipman \u00e7eki\u015fi ve r\u00f6mork ta\u015f\u0131mac\u0131l\u0131\u011f\u0131nda ciddi performans art\u0131\u015f\u0131 sa\u011flan\u0131r.<\/strong><\/p>\n\n\n\n<p><strong>Steyr Trakt\u00f6r Modelleri ve Motor G\u00fc\u00e7leri<\/strong><\/p>\n\n\n\n<p><strong>A\u015fa\u011f\u0131daki Steyr modelleri i\u00e7in ECU yaz\u0131l\u0131m ve performans optimizasyonu hizmeti sunulmaktad\u0131r:<\/strong><\/p>\n\n\n\n<p><strong>CVT Serisi<\/strong><\/p>\n\n\n\n<ul class=\"wp-block-list\">\n<li><strong>Steyr CVT \u2013 120 PS \/ 131 PS \/ 136 \/ 139 PS \/ 145 PS \/ 147 PS \/ 160 PS \/ 167 PS \/ 170 PS \/ 184 PS \/ 185 PS \/ 191 PS \/ 192 PS \/ 200 PS \/ 215 PS \/ 227 PS<\/strong><\/li>\n<\/ul>\n\n\n\n<p><strong>Kompakt Serisi<\/strong><\/p>\n\n\n\n<ul class=\"wp-block-list\">\n<li><strong>Steyr Kompakt \u2013 65 PS \/ 77 PS \/ 85 PS \/ 96 PS<\/strong><\/li>\n<\/ul>\n\n\n\n<p><strong>MT Serisi<\/strong><\/p>\n\n\n\n<ul class=\"wp-block-list\">\n<li><strong>Steyr MT \u2013 92 PS \/ 106 PS<\/strong><\/li>\n<\/ul>\n\n\n\n<p><strong>Profi Serisi<\/strong><\/p>\n\n\n\n<ul class=\"wp-block-list\">\n<li><strong>Steyr Profi \u2013 101 PS \/ 117 PS \/ 132 PS \/ 137 PS \/ 141 PS \/ 152 PS \/ 155 PS \/ 160 PS \/ 163 PS \/ 167 PS \/ 178 PS \/ 192 PS \/ 196 PS<\/strong><\/li>\n<\/ul>\n\n\n\n<p><strong>G\u00fcvenli Yaz\u0131l\u0131m ve Profesyonel S\u00fcre\u00e7<\/strong><\/p>\n\n\n\n<p><strong>Her trakt\u00f6r i\u015flem \u00f6ncesinde detayl\u0131 analizden ge\u00e7irilir. Motor, yak\u0131t sistemi, turbo, sens\u00f6r ve mevcut performans verileri kontrol edilir. Trakt\u00f6r\u00fcn kullan\u0131m alan\u0131 ve tarla ko\u015fullar\u0131 de\u011ferlendirilir. Yaz\u0131l\u0131m buna g\u00f6re \u00f6zel olarak haz\u0131rlan\u0131r.<\/strong><\/p>\n\n\n\n<p><strong>Bilin\u00e7siz uygulanan yaz\u0131l\u0131mlar k\u0131sa s\u00fcrede turbo, enjekt\u00f6r ve motor ar\u0131zalar\u0131na neden olabilir. \u00d6zellikle ticari \u00fcreticiler i\u00e7in bu durum y\u00fcksek maliyet ve i\u015f kayb\u0131 anlam\u0131na gelir. Bu nedenle profesyonel ekipman ve uzmanl\u0131k gereklidir. \u0130stenildi\u011fi zaman tamamen orijinal yaz\u0131l\u0131ma d\u00f6n\u00fc\u015f yap\u0131labilir.<\/strong><\/p>\n\n\n\n<p><strong>\u00c7anakkale ve T\u00fcm \u0130l\u00e7elerde Yerinde Hizmet<\/strong><\/p>\n\n\n\n<p><strong>Steyr trakt\u00f6rler i\u00e7in \u00c7anakkale merkez ve t\u00fcm il\u00e7elerde yerinde hizmet sunulmaktad\u0131r. Tarla ko\u015fullar\u0131nda test yap\u0131larak ger\u00e7ek performans \u00f6l\u00e7\u00fcl\u00fcr ve optimizasyon uygulan\u0131r.<\/strong><\/p>\n\n\n\n<p><\/p>\n\n\n","protected":false},"excerpt":{"rendered":"<p>Steyr trakt\u00f6rler y\u00fcksek motor teknolojisi, geli\u015fmi\u015f CVT \u015fanz\u0131man yap\u0131s\u0131 ve g\u00fc\u00e7l\u00fc \u00e7eki\u015f karakteri ile profesyonel \u00fcreticiler taraf\u0131ndan tercih edilir. \u00c7anakkale ve \u00e7evresinde geni\u015f, d\u00fcz ve kumlu tar\u0131m arazilerinde yap\u0131lan sebze \u00fcretiminde Steyr modelleri uzun s\u00fcreli ve a\u011f\u0131r y\u00fck alt\u0131nda \u00e7al\u0131\u015fmaktad\u0131r. Bu nedenle d\u00fc\u015f\u00fck yak\u0131t t\u00fcketimi ile y\u00fcksek tork sa\u011flayan optimizasyon \u00e7\u00f6z\u00fcmleri b\u00fcy\u00fck avantaj olu\u015fturur. Modern [&hellip;]<\/p>\n","protected":false},"author":1,"featured_media":0,"parent":0,"menu_order":0,"comment_status":"closed","ping_status":"closed","template":"single-product","meta":{"saved_in_kubio":false,"footnotes":""},"class_list":["post-810","page","type-page","status-publish","hentry"],"kubio_ai_page_context":{"short_desc":"","purpose":"general"},"yoast_head":"<!-- This site is optimized with the Yoast SEO Premium plugin v26.2 (Yoast SEO v27.3) - https:\/\/yoast.com\/product\/yoast-seo-premium-wordpress\/ -->\n<title>Steyr Trakt\u00f6r Yaz\u0131l\u0131m\u0131 | ECU Performans Optimizasyonu \u00c7anakkale<\/title>\n<meta name=\"description\" content=\"\u00c7anakkale\u2019de Steyr trakt\u00f6r yaz\u0131l\u0131m\u0131 ve ECU optimizasyonu. Yak\u0131t tasarrufu, g\u00fc\u00e7l\u00fc \u00e7eki\u015f ve y\u00fcksek tork i\u00e7in yerinde hizmet.\" \/>\n<meta name=\"robots\" content=\"index, follow, max-snippet:-1, max-image-preview:large, max-video-preview:-1\" \/>\n<link rel=\"canonical\" href=\"https:\/\/sifteri.com.tr\/drecu\/steyr-traktor-yazilimi\/\" \/>\n<meta property=\"og:locale\" content=\"tr_TR\" \/>\n<meta property=\"og:type\" content=\"article\" \/>\n<meta property=\"og:title\" content=\"Steyr Trakt\u00f6r Yaz\u0131l\u0131m\u0131 ve Performans Optimizasyonu\" \/>\n<meta property=\"og:description\" content=\"\u00c7anakkale\u2019de Steyr trakt\u00f6r yaz\u0131l\u0131m\u0131 ve ECU optimizasyonu. Yak\u0131t tasarrufu, g\u00fc\u00e7l\u00fc \u00e7eki\u015f ve y\u00fcksek tork i\u00e7in yerinde hizmet.\" \/>\n<meta property=\"og:url\" content=\"https:\/\/sifteri.com.tr\/drecu\/steyr-traktor-yazilimi\/\" \/>\n<meta property=\"og:site_name\" content=\"DR. ECU\" \/>\n<meta property=\"article:publisher\" content=\"https:\/\/www.facebook.com\/profile.php?id=61560602957463&amp;ref=PROFILE_EDIT_xav_ig_profile_page_web#\" \/>\n<meta property=\"article:modified_time\" content=\"2026-03-06T06:07:03+00:00\" \/>\n<meta name=\"twitter:card\" content=\"summary_large_image\" \/>\n<meta name=\"twitter:label1\" content=\"Tahmini okuma s\u00fcresi\" \/>\n\t<meta name=\"twitter:data1\" content=\"3 dakika\" \/>\n<script type=\"application\/ld+json\" class=\"yoast-schema-graph\">{\"@context\":\"https:\\\/\\\/schema.org\",\"@graph\":[{\"@type\":\"WebPage\",\"@id\":\"https:\\\/\\\/sifteri.com.tr\\\/drecu\\\/steyr-traktor-yazilimi\\\/\",\"url\":\"https:\\\/\\\/sifteri.com.tr\\\/drecu\\\/steyr-traktor-yazilimi\\\/\",\"name\":\"Steyr Trakt\u00f6r Yaz\u0131l\u0131m\u0131 | ECU Performans Optimizasyonu \u00c7anakkale\",\"isPartOf\":{\"@id\":\"https:\\\/\\\/sifteri.com.tr\\\/drecu\\\/#website\"},\"datePublished\":\"2026-02-24T13:42:36+00:00\",\"dateModified\":\"2026-03-06T06:07:03+00:00\",\"description\":\"\u00c7anakkale\u2019de Steyr trakt\u00f6r yaz\u0131l\u0131m\u0131 ve ECU optimizasyonu. Yak\u0131t tasarrufu, g\u00fc\u00e7l\u00fc \u00e7eki\u015f ve y\u00fcksek tork i\u00e7in yerinde hizmet.\",\"breadcrumb\":{\"@id\":\"https:\\\/\\\/sifteri.com.tr\\\/drecu\\\/steyr-traktor-yazilimi\\\/#breadcrumb\"},\"inLanguage\":\"tr\",\"potentialAction\":[{\"@type\":\"ReadAction\",\"target\":[\"https:\\\/\\\/sifteri.com.tr\\\/drecu\\\/steyr-traktor-yazilimi\\\/\"]}]},{\"@type\":\"BreadcrumbList\",\"@id\":\"https:\\\/\\\/sifteri.com.tr\\\/drecu\\\/steyr-traktor-yazilimi\\\/#breadcrumb\",\"itemListElement\":[{\"@type\":\"ListItem\",\"position\":1,\"name\":\"Anasayfa\",\"item\":\"https:\\\/\\\/sifteri.com.tr\\\/drecu\\\/\"},{\"@type\":\"ListItem\",\"position\":2,\"name\":\"Steyr Trakt\u00f6r Yaz\u0131l\u0131m\u0131 ve Performans Optimizasyonu\"}]},{\"@type\":\"WebSite\",\"@id\":\"https:\\\/\\\/sifteri.com.tr\\\/drecu\\\/#website\",\"url\":\"https:\\\/\\\/sifteri.com.tr\\\/drecu\\\/\",\"name\":\"DR. ECU\",\"description\":\"T\u00fcrkiyenin en b\u00fcy\u00fck Ecu Yaz\u0131l\u0131m Markas\u0131 \u00c7anakkale&#039;de\",\"publisher\":{\"@id\":\"https:\\\/\\\/sifteri.com.tr\\\/drecu\\\/#organization\"},\"alternateName\":\"DR. ECU \u00c7anakkale\",\"potentialAction\":[{\"@type\":\"SearchAction\",\"target\":{\"@type\":\"EntryPoint\",\"urlTemplate\":\"https:\\\/\\\/sifteri.com.tr\\\/drecu\\\/?s={search_term_string}\"},\"query-input\":{\"@type\":\"PropertyValueSpecification\",\"valueRequired\":true,\"valueName\":\"search_term_string\"}}],\"inLanguage\":\"tr\"},{\"@type\":\"Organization\",\"@id\":\"https:\\\/\\\/sifteri.com.tr\\\/drecu\\\/#organization\",\"name\":\"DR. ECU\",\"url\":\"https:\\\/\\\/sifteri.com.tr\\\/drecu\\\/\",\"logo\":{\"@type\":\"ImageObject\",\"inLanguage\":\"tr\",\"@id\":\"https:\\\/\\\/sifteri.com.tr\\\/drecu\\\/#\\\/schema\\\/logo\\\/image\\\/\",\"url\":\"https:\\\/\\\/sifteri.com.tr\\\/drecu\\\/wp-content\\\/uploads\\\/2026\\\/02\\\/dr-ecu-logo.png\",\"contentUrl\":\"https:\\\/\\\/sifteri.com.tr\\\/drecu\\\/wp-content\\\/uploads\\\/2026\\\/02\\\/dr-ecu-logo.png\",\"width\":1603,\"height\":222,\"caption\":\"DR. ECU\"},\"image\":{\"@id\":\"https:\\\/\\\/sifteri.com.tr\\\/drecu\\\/#\\\/schema\\\/logo\\\/image\\\/\"},\"sameAs\":[\"https:\\\/\\\/www.facebook.com\\\/profile.php?id=61560602957463&ref=PROFILE_EDIT_xav_ig_profile_page_web#\",\"https:\\\/\\\/www.instagram.com\\\/dr.ecucanakkale\\\/\"]}]}<\/script>\n<!-- \/ Yoast SEO Premium plugin. -->","yoast_head_json":{"title":"Steyr Trakt\u00f6r Yaz\u0131l\u0131m\u0131 | ECU Performans Optimizasyonu \u00c7anakkale","description":"\u00c7anakkale\u2019de Steyr trakt\u00f6r yaz\u0131l\u0131m\u0131 ve ECU optimizasyonu. Yak\u0131t tasarrufu, g\u00fc\u00e7l\u00fc \u00e7eki\u015f ve y\u00fcksek tork i\u00e7in yerinde hizmet.","robots":{"index":"index","follow":"follow","max-snippet":"max-snippet:-1","max-image-preview":"max-image-preview:large","max-video-preview":"max-video-preview:-1"},"canonical":"https:\/\/sifteri.com.tr\/drecu\/steyr-traktor-yazilimi\/","og_locale":"tr_TR","og_type":"article","og_title":"Steyr Trakt\u00f6r Yaz\u0131l\u0131m\u0131 ve Performans Optimizasyonu","og_description":"\u00c7anakkale\u2019de Steyr trakt\u00f6r yaz\u0131l\u0131m\u0131 ve ECU optimizasyonu. Yak\u0131t tasarrufu, g\u00fc\u00e7l\u00fc \u00e7eki\u015f ve y\u00fcksek tork i\u00e7in yerinde hizmet.","og_url":"https:\/\/sifteri.com.tr\/drecu\/steyr-traktor-yazilimi\/","og_site_name":"DR. ECU","article_publisher":"https:\/\/www.facebook.com\/profile.php?id=61560602957463&ref=PROFILE_EDIT_xav_ig_profile_page_web#","article_modified_time":"2026-03-06T06:07:03+00:00","twitter_card":"summary_large_image","twitter_misc":{"Tahmini okuma s\u00fcresi":"3 dakika"},"schema":{"@context":"https:\/\/schema.org","@graph":[{"@type":"WebPage","@id":"https:\/\/sifteri.com.tr\/drecu\/steyr-traktor-yazilimi\/","url":"https:\/\/sifteri.com.tr\/drecu\/steyr-traktor-yazilimi\/","name":"Steyr Trakt\u00f6r Yaz\u0131l\u0131m\u0131 | ECU Performans Optimizasyonu \u00c7anakkale","isPartOf":{"@id":"https:\/\/sifteri.com.tr\/drecu\/#website"},"datePublished":"2026-02-24T13:42:36+00:00","dateModified":"2026-03-06T06:07:03+00:00","description":"\u00c7anakkale\u2019de Steyr trakt\u00f6r yaz\u0131l\u0131m\u0131 ve ECU optimizasyonu. Yak\u0131t tasarrufu, g\u00fc\u00e7l\u00fc \u00e7eki\u015f ve y\u00fcksek tork i\u00e7in yerinde hizmet.","breadcrumb":{"@id":"https:\/\/sifteri.com.tr\/drecu\/steyr-traktor-yazilimi\/#breadcrumb"},"inLanguage":"tr","potentialAction":[{"@type":"ReadAction","target":["https:\/\/sifteri.com.tr\/drecu\/steyr-traktor-yazilimi\/"]}]},{"@type":"BreadcrumbList","@id":"https:\/\/sifteri.com.tr\/drecu\/steyr-traktor-yazilimi\/#breadcrumb","itemListElement":[{"@type":"ListItem","position":1,"name":"Anasayfa","item":"https:\/\/sifteri.com.tr\/drecu\/"},{"@type":"ListItem","position":2,"name":"Steyr Trakt\u00f6r Yaz\u0131l\u0131m\u0131 ve Performans Optimizasyonu"}]},{"@type":"WebSite","@id":"https:\/\/sifteri.com.tr\/drecu\/#website","url":"https:\/\/sifteri.com.tr\/drecu\/","name":"DR. ECU","description":"T\u00fcrkiyenin en b\u00fcy\u00fck Ecu Yaz\u0131l\u0131m Markas\u0131 \u00c7anakkale&#039;de","publisher":{"@id":"https:\/\/sifteri.com.tr\/drecu\/#organization"},"alternateName":"DR. ECU \u00c7anakkale","potentialAction":[{"@type":"SearchAction","target":{"@type":"EntryPoint","urlTemplate":"https:\/\/sifteri.com.tr\/drecu\/?s={search_term_string}"},"query-input":{"@type":"PropertyValueSpecification","valueRequired":true,"valueName":"search_term_string"}}],"inLanguage":"tr"},{"@type":"Organization","@id":"https:\/\/sifteri.com.tr\/drecu\/#organization","name":"DR. ECU","url":"https:\/\/sifteri.com.tr\/drecu\/","logo":{"@type":"ImageObject","inLanguage":"tr","@id":"https:\/\/sifteri.com.tr\/drecu\/#\/schema\/logo\/image\/","url":"https:\/\/sifteri.com.tr\/drecu\/wp-content\/uploads\/2026\/02\/dr-ecu-logo.png","contentUrl":"https:\/\/sifteri.com.tr\/drecu\/wp-content\/uploads\/2026\/02\/dr-ecu-logo.png","width":1603,"height":222,"caption":"DR. ECU"},"image":{"@id":"https:\/\/sifteri.com.tr\/drecu\/#\/schema\/logo\/image\/"},"sameAs":["https:\/\/www.facebook.com\/profile.php?id=61560602957463&ref=PROFILE_EDIT_xav_ig_profile_page_web#","https:\/\/www.instagram.com\/dr.ecucanakkale\/"]}]}},"_links":{"self":[{"href":"https:\/\/sifteri.com.tr\/drecu\/wp-json\/wp\/v2\/pages\/810","targetHints":{"allow":["GET"]}}],"collection":[{"href":"https:\/\/sifteri.com.tr\/drecu\/wp-json\/wp\/v2\/pages"}],"about":[{"href":"https:\/\/sifteri.com.tr\/drecu\/wp-json\/wp\/v2\/types\/page"}],"author":[{"embeddable":true,"href":"https:\/\/sifteri.com.tr\/drecu\/wp-json\/wp\/v2\/users\/1"}],"replies":[{"embeddable":true,"href":"https:\/\/sifteri.com.tr\/drecu\/wp-json\/wp\/v2\/comments?post=810"}],"version-history":[{"count":1,"href":"https:\/\/sifteri.com.tr\/drecu\/wp-json\/wp\/v2\/pages\/810\/revisions"}],"predecessor-version":[{"id":811,"href":"https:\/\/sifteri.com.tr\/drecu\/wp-json\/wp\/v2\/pages\/810\/revisions\/811"}],"wp:attachment":[{"href":"https:\/\/sifteri.com.tr\/drecu\/wp-json\/wp\/v2\/media?parent=810"}],"curies":[{"name":"wp","href":"https:\/\/api.w.org\/{rel}","templated":true}]}}