{"id":8,"date":"2026-02-16T11:01:40","date_gmt":"2026-02-16T08:01:40","guid":{"rendered":"https:\/\/sifteri.com.tr\/rsotoekspertiz\/index.php\/front_page\/"},"modified":"2026-04-18T11:10:46","modified_gmt":"2026-04-18T08:10:46","slug":"rs-oto-ekspertiz-canakkale","status":"publish","type":"page","link":"https:\/\/sifteri.com.tr\/rsotoekspertiz\/","title":{"rendered":"Ana sayfa"},"content":{"rendered":"\n\n\n\n\n\n\n\n\n\n\n\n\n\n\n\n\n\n\n\n\n\n","protected":false},"excerpt":{"rendered":"","protected":false},"author":1,"featured_media":0,"parent":0,"menu_order":0,"comment_status":"closed","ping_status":"closed","template":"","meta":{"saved_in_kubio":true,"footnotes":""},"class_list":["post-8","page","type-page","status-publish","hentry"],"kubio_ai_page_context":{"short_desc":"","purpose":"general","isFrontPage":true},"yoast_head":"<!-- This site is optimized with the Yoast SEO plugin v27.4 - https:\/\/yoast.com\/product\/yoast-seo-wordpress\/ -->\n<title>\u00c7anakkale Oto Ekspertiz Fiyatlar\u0131 ve Paketler<\/title>\n<meta name=\"description\" content=\"\u00c7anakkale\u2019nin en kapsaml\u0131 oto ekspertiz merkezi. 7 farkl\u0131 paket, kapsaml\u0131 kontroller ile g\u00fcvenli ara\u00e7 al\u0131m\u0131 i\u00e7in hemen randevu al\u0131n.\" \/>\n<meta name=\"robots\" content=\"index, follow, max-snippet:-1, max-image-preview:large, max-video-preview:-1\" \/>\n<link rel=\"canonical\" href=\"https:\/\/sifteri.com.tr\/rsotoekspertiz\/\" \/>\n<meta property=\"og:locale\" content=\"tr_TR\" \/>\n<meta property=\"og:type\" content=\"article\" \/>\n<meta property=\"og:title\" content=\"\u00c7anakkale Oto Ekspertiz Fiyatlar\u0131 ve Paketler\" \/>\n<meta property=\"og:description\" content=\"\u00c7anakkale\u2019nin en kapsaml\u0131 oto ekspertiz merkezi. 7 farkl\u0131 paket, kapsaml\u0131 kontroller ile g\u00fcvenli ara\u00e7 al\u0131m\u0131 i\u00e7in hemen randevu al\u0131n.\" \/>\n<meta property=\"og:url\" content=\"https:\/\/sifteri.com.tr\/rsotoekspertiz\/\" \/>\n<meta property=\"og:site_name\" content=\"RS Oto Ekspertiz\" \/>\n<meta property=\"article:publisher\" content=\"https:\/\/www.facebook.com\/people\/RS-Oto-Ekspertiz-anakkale\/61580080721435\/\" \/>\n<meta property=\"article:modified_time\" content=\"2026-04-18T08:10:46+00:00\" \/>\n<meta name=\"twitter:card\" content=\"summary_large_image\" \/>\n<script type=\"application\/ld+json\" class=\"yoast-schema-graph\">{\"@context\":\"https:\\\/\\\/schema.org\",\"@graph\":[{\"@type\":\"WebPage\",\"@id\":\"https:\\\/\\\/sifteri.com.tr\\\/rsotoekspertiz\\\/\",\"url\":\"https:\\\/\\\/sifteri.com.tr\\\/rsotoekspertiz\\\/\",\"name\":\"\u00c7anakkale Oto Ekspertiz Fiyatlar\u0131 ve Paketler\",\"isPartOf\":{\"@id\":\"https:\\\/\\\/sifteri.com.tr\\\/rsotoekspertiz\\\/#website\"},\"datePublished\":\"2026-02-16T08:01:40+00:00\",\"dateModified\":\"2026-04-18T08:10:46+00:00\",\"description\":\"\u00c7anakkale\u2019nin en kapsaml\u0131 oto ekspertiz merkezi. 7 farkl\u0131 paket, kapsaml\u0131 kontroller ile g\u00fcvenli ara\u00e7 al\u0131m\u0131 i\u00e7in hemen randevu al\u0131n.\",\"breadcrumb\":{\"@id\":\"https:\\\/\\\/sifteri.com.tr\\\/rsotoekspertiz\\\/#breadcrumb\"},\"inLanguage\":\"tr\",\"potentialAction\":[{\"@type\":\"ReadAction\",\"target\":[\"https:\\\/\\\/sifteri.com.tr\\\/rsotoekspertiz\\\/\"]}]},{\"@type\":\"BreadcrumbList\",\"@id\":\"https:\\\/\\\/sifteri.com.tr\\\/rsotoekspertiz\\\/#breadcrumb\",\"itemListElement\":[{\"@type\":\"ListItem\",\"position\":1,\"name\":\"Anasayfa\",\"item\":\"https:\\\/\\\/sifteri.com.tr\\\/rsotoekspertiz\\\/\"},{\"@type\":\"ListItem\",\"position\":2,\"name\":\"Ana sayfa\"}]},{\"@type\":\"WebSite\",\"@id\":\"https:\\\/\\\/sifteri.com.tr\\\/rsotoekspertiz\\\/#website\",\"url\":\"https:\\\/\\\/sifteri.com.tr\\\/rsotoekspertiz\\\/\",\"name\":\"RS Oto Ekspertiz\",\"description\":\"\u00c7anakkale\u2019nin En Kapsaml\u0131 Oto Ekspertiz Merkezi\",\"publisher\":{\"@id\":\"https:\\\/\\\/sifteri.com.tr\\\/rsotoekspertiz\\\/#organization\"},\"potentialAction\":[{\"@type\":\"SearchAction\",\"target\":{\"@type\":\"EntryPoint\",\"urlTemplate\":\"https:\\\/\\\/sifteri.com.tr\\\/rsotoekspertiz\\\/?s={search_term_string}\"},\"query-input\":{\"@type\":\"PropertyValueSpecification\",\"valueRequired\":true,\"valueName\":\"search_term_string\"}}],\"inLanguage\":\"tr\"},{\"@type\":\"Organization\",\"@id\":\"https:\\\/\\\/sifteri.com.tr\\\/rsotoekspertiz\\\/#organization\",\"name\":\"RS Oto Ekspertiz - \u00c7anakkale\u2019nin En Kapsaml\u0131 Oto Ekspertiz Merkezi\",\"url\":\"https:\\\/\\\/sifteri.com.tr\\\/rsotoekspertiz\\\/\",\"logo\":{\"@type\":\"ImageObject\",\"inLanguage\":\"tr\",\"@id\":\"https:\\\/\\\/sifteri.com.tr\\\/rsotoekspertiz\\\/#\\\/schema\\\/logo\\\/image\\\/\",\"url\":\"https:\\\/\\\/sifteri.com.tr\\\/rsotoekspertiz\\\/wp-content\\\/uploads\\\/2026\\\/02\\\/favicon-fit.webp\",\"contentUrl\":\"https:\\\/\\\/sifteri.com.tr\\\/rsotoekspertiz\\\/wp-content\\\/uploads\\\/2026\\\/02\\\/favicon-fit.webp\",\"width\":512,\"height\":512,\"caption\":\"RS Oto Ekspertiz - \u00c7anakkale\u2019nin En Kapsaml\u0131 Oto Ekspertiz Merkezi\"},\"image\":{\"@id\":\"https:\\\/\\\/sifteri.com.tr\\\/rsotoekspertiz\\\/#\\\/schema\\\/logo\\\/image\\\/\"},\"sameAs\":[\"https:\\\/\\\/www.facebook.com\\\/people\\\/RS-Oto-Ekspertiz-anakkale\\\/61580080721435\\\/\",\"https:\\\/\\\/www.instagram.com\\\/rsotoekspertiz.canakkale\\\/\"]}]}<\/script>\n<!-- \/ Yoast SEO plugin. -->","yoast_head_json":{"title":"\u00c7anakkale Oto Ekspertiz Fiyatlar\u0131 ve Paketler","description":"\u00c7anakkale\u2019nin en kapsaml\u0131 oto ekspertiz merkezi. 7 farkl\u0131 paket, kapsaml\u0131 kontroller ile g\u00fcvenli ara\u00e7 al\u0131m\u0131 i\u00e7in hemen randevu al\u0131n.","robots":{"index":"index","follow":"follow","max-snippet":"max-snippet:-1","max-image-preview":"max-image-preview:large","max-video-preview":"max-video-preview:-1"},"canonical":"https:\/\/sifteri.com.tr\/rsotoekspertiz\/","og_locale":"tr_TR","og_type":"article","og_title":"\u00c7anakkale Oto Ekspertiz Fiyatlar\u0131 ve Paketler","og_description":"\u00c7anakkale\u2019nin en kapsaml\u0131 oto ekspertiz merkezi. 7 farkl\u0131 paket, kapsaml\u0131 kontroller ile g\u00fcvenli ara\u00e7 al\u0131m\u0131 i\u00e7in hemen randevu al\u0131n.","og_url":"https:\/\/sifteri.com.tr\/rsotoekspertiz\/","og_site_name":"RS Oto Ekspertiz","article_publisher":"https:\/\/www.facebook.com\/people\/RS-Oto-Ekspertiz-anakkale\/61580080721435\/","article_modified_time":"2026-04-18T08:10:46+00:00","twitter_card":"summary_large_image","schema":{"@context":"https:\/\/schema.org","@graph":[{"@type":"WebPage","@id":"https:\/\/sifteri.com.tr\/rsotoekspertiz\/","url":"https:\/\/sifteri.com.tr\/rsotoekspertiz\/","name":"\u00c7anakkale Oto Ekspertiz Fiyatlar\u0131 ve Paketler","isPartOf":{"@id":"https:\/\/sifteri.com.tr\/rsotoekspertiz\/#website"},"datePublished":"2026-02-16T08:01:40+00:00","dateModified":"2026-04-18T08:10:46+00:00","description":"\u00c7anakkale\u2019nin en kapsaml\u0131 oto ekspertiz merkezi. 7 farkl\u0131 paket, kapsaml\u0131 kontroller ile g\u00fcvenli ara\u00e7 al\u0131m\u0131 i\u00e7in hemen randevu al\u0131n.","breadcrumb":{"@id":"https:\/\/sifteri.com.tr\/rsotoekspertiz\/#breadcrumb"},"inLanguage":"tr","potentialAction":[{"@type":"ReadAction","target":["https:\/\/sifteri.com.tr\/rsotoekspertiz\/"]}]},{"@type":"BreadcrumbList","@id":"https:\/\/sifteri.com.tr\/rsotoekspertiz\/#breadcrumb","itemListElement":[{"@type":"ListItem","position":1,"name":"Anasayfa","item":"https:\/\/sifteri.com.tr\/rsotoekspertiz\/"},{"@type":"ListItem","position":2,"name":"Ana sayfa"}]},{"@type":"WebSite","@id":"https:\/\/sifteri.com.tr\/rsotoekspertiz\/#website","url":"https:\/\/sifteri.com.tr\/rsotoekspertiz\/","name":"RS Oto Ekspertiz","description":"\u00c7anakkale\u2019nin En Kapsaml\u0131 Oto Ekspertiz Merkezi","publisher":{"@id":"https:\/\/sifteri.com.tr\/rsotoekspertiz\/#organization"},"potentialAction":[{"@type":"SearchAction","target":{"@type":"EntryPoint","urlTemplate":"https:\/\/sifteri.com.tr\/rsotoekspertiz\/?s={search_term_string}"},"query-input":{"@type":"PropertyValueSpecification","valueRequired":true,"valueName":"search_term_string"}}],"inLanguage":"tr"},{"@type":"Organization","@id":"https:\/\/sifteri.com.tr\/rsotoekspertiz\/#organization","name":"RS Oto Ekspertiz - \u00c7anakkale\u2019nin En Kapsaml\u0131 Oto Ekspertiz Merkezi","url":"https:\/\/sifteri.com.tr\/rsotoekspertiz\/","logo":{"@type":"ImageObject","inLanguage":"tr","@id":"https:\/\/sifteri.com.tr\/rsotoekspertiz\/#\/schema\/logo\/image\/","url":"https:\/\/sifteri.com.tr\/rsotoekspertiz\/wp-content\/uploads\/2026\/02\/favicon-fit.webp","contentUrl":"https:\/\/sifteri.com.tr\/rsotoekspertiz\/wp-content\/uploads\/2026\/02\/favicon-fit.webp","width":512,"height":512,"caption":"RS Oto Ekspertiz - \u00c7anakkale\u2019nin En Kapsaml\u0131 Oto Ekspertiz Merkezi"},"image":{"@id":"https:\/\/sifteri.com.tr\/rsotoekspertiz\/#\/schema\/logo\/image\/"},"sameAs":["https:\/\/www.facebook.com\/people\/RS-Oto-Ekspertiz-anakkale\/61580080721435\/","https:\/\/www.instagram.com\/rsotoekspertiz.canakkale\/"]}]}},"_links":{"self":[{"href":"https:\/\/sifteri.com.tr\/rsotoekspertiz\/wp-json\/wp\/v2\/pages\/8","targetHints":{"allow":["GET"]}}],"collection":[{"href":"https:\/\/sifteri.com.tr\/rsotoekspertiz\/wp-json\/wp\/v2\/pages"}],"about":[{"href":"https:\/\/sifteri.com.tr\/rsotoekspertiz\/wp-json\/wp\/v2\/types\/page"}],"author":[{"embeddable":true,"href":"https:\/\/sifteri.com.tr\/rsotoekspertiz\/wp-json\/wp\/v2\/users\/1"}],"replies":[{"embeddable":true,"href":"https:\/\/sifteri.com.tr\/rsotoekspertiz\/wp-json\/wp\/v2\/comments?post=8"}],"version-history":[{"count":44,"href":"https:\/\/sifteri.com.tr\/rsotoekspertiz\/wp-json\/wp\/v2\/pages\/8\/revisions"}],"predecessor-version":[{"id":352,"href":"https:\/\/sifteri.com.tr\/rsotoekspertiz\/wp-json\/wp\/v2\/pages\/8\/revisions\/352"}],"wp:attachment":[{"href":"https:\/\/sifteri.com.tr\/rsotoekspertiz\/wp-json\/wp\/v2\/media?parent=8"}],"curies":[{"name":"wp","href":"https:\/\/api.w.org\/{rel}","templated":true}]}}